{"id":17,"date":"2026-02-28T02:33:08","date_gmt":"2026-02-28T02:33:08","guid":{"rendered":"https:\/\/pperpetuosocorrobga.org\/public\/home\/"},"modified":"2026-03-26T20:39:54","modified_gmt":"2026-03-26T20:39:54","slug":"home","status":"publish","type":"page","link":"https:\/\/pperpetuosocorrobga.org\/public\/","title":{"rendered":"Inicio"},"content":{"rendered":"\n\n\n<strong>\n\n\n\n\n\n\nOraci\u00f3n<\/strong>\n<p style=\"text-align: center; color: rgb(255, 255, 255);\"><strong>\u00ab<\/strong>\u00a1Oh Madre del Perpetuo Socorro!, con la m\u00e1s sincera confianza me presento ante tu bendita imagen para implorar tu auxilio&#8230;\u00bb<\/p>\n\n\n\n\n\nPR\u00d3XIMOS eventOs\n\n\n19\/MAR\nEucarist\u00eda Consagraci\u00f3n Familias\nJueves, Marzo 19 a las 3:00 p.m.\n\n\n\n29\/Mar\nDomingo de Ramos\nDomingo, Marzo 29&nbsp;\n\n\n\n<h2>EUCARIST\u00cdAS<\/h2>\n<span style=\"font-family: Arial; font-size: large;\"><p style=\"font-size: 15px; color: rgb(93, 93, 93); text-align: center; line-height: 1.5;\"><strong>Horario Semanal<\/strong><\/p><\/span><p style=\"font-family: roboto; font-size: 15px; color: rgb(93, 93, 93); text-align: center; line-height: 1.5;\"><strong><\/strong><\/p>\n\n\n\n\n\n\n\nBienvenido a tu casa\n<p style=\"font-family:roboto;font-size:15px;color:#5d5d5d;font-weight:500;text-align:center;line-height:1.5\">Desde esta p\u00e1gina web de la \u201cParroquia Nuestra Se\u00f1ora del Perpetuo Socorro\u201d de Bucaramanga y como Iglesia, queremos mostrar al mundo el rostro misericordioso de Dios y provocar atracci\u00f3n por Jesucristo; queremos ser una voz de esperanza a quienes quieren vivir el Evangelio en cada uno de los lugares en los que se encuentran<\/p>\n\n\n<p style=\"font-family:roboto;font-size:16px;color:#5d5d5d;font-weight:500;text-align:center;line-height:1.5\"><div pagelayer-id=\"pi14799\" class=\"p-pi14799 pagelayer-text pagelayer-ele\" pagelayer-tag=\"pl_text\" pagelayer-active=\"1\"><!--{\"attr\":{\"text\":\"\\u003cp style=\\u0022font-family:roboto;font-size:16px;color:#888;font-weight:500;text-align:center;line-height:1.5\\u0022\\u003eEs una entidad sin \u00e1nimo de lucro de tipo religioso, fue fundada por los Padres Misioneros Redentoristas, quienes llegaron a la ciudad de Bucaramanga en el a\u00f1o 1942 procedente del Socorro (Santander).\\u003c\/p\\u003e\"},\"tmp\":{}}-->\n<div class=\"pagelayer-text-holder pagelayer-pen\" pagelayer-editable=\"text\" contenteditable=\"true\"><p style=\"font-family:roboto;font-size:16px;color:#888;font-weight:500;text-align:center;line-height:1.5\">Somos una entidad sin \u00e1nimo de lucro de tipo religioso, fue fundada por los Padres Misioneros Redentoristas, quienes llegaron a la ciudad de Bucaramanga en el a\u00f1o 1942.<\/p><\/div><\/div>.<\/p>\n\n\n<p style=\"font-family:roboto;font-size:16px;color:#5d5d5d;font-weight:500;text-align:center;line-height:1.5\">Nuestra parroquia cuenta con Grupos Apost\u00f3licos de diversa naturaleza para todas aquellas personas que quieran participar con alegr\u00eda y solidaridad viviendo el mensaje de Cristo Redentor.<\/p>\n\n\n<p style=\"font-family:roboto;font-size:16px;color:#5d5d5d;font-weight:500;text-align:center;line-height:1.5\">Nuestra Parroquia ofrece diferentes servicios a la comunidad con el objetivo de servir, acompa\u00f1ar y guiar a en la fe a todas las personas que deseen.<\/p>\n\n\n\n\n\n\n<span style=\"color: rgb(0, 0, 0);\">AYUDAMOS PARA AYUDAR<\/span>\n<span style=\"color:#0066cc;\"><span style=\"color:#000000;\">CON AMOR Y FE<\/span><span style=\"color:#000000;\"><\/span><\/span>\n<p style=\"font-family: roboto; font-size: 15px; color: rgb(0, 0, 0); font-weight: 300; text-align: center; line-height: 1.5;\">Campa\u00f1a permanente de recolecci\u00f3n de v\u00edveres para los m\u00e1s necesitados.<\/p>\n\n\n\n\n\nredentoristas\n<p style=\"font-family:roboto;font-size:15px;color:#5d5d5d;font-weight:500;text-align:center;line-height:1.5\"><span style=\"font-size:12.0pt;line-height:107%;\nfont-family:&quot;Arial&quot;,&quot;sans-serif&quot;;mso-fareast-font-family:Calibri;mso-fareast-theme-font:\nminor-latin;mso-ansi-language:ES-CO;mso-fareast-language:EN-US;mso-bidi-language:\nAR-SA\">La&nbsp;Congregaci\u00f3n del Sant\u00edsimo Redentor (C.Ss.R.)&nbsp;es un&nbsp;<\/span><span style=\"font-size:11.0pt;line-height:107%;font-family:&quot;Calibri&quot;,&quot;sans-serif&quot;;\nmso-ascii-theme-font:minor-latin;mso-fareast-font-family:Calibri;mso-fareast-theme-font:\nminor-latin;mso-hansi-theme-font:minor-latin;mso-bidi-font-family:&quot;Times New Roman&quot;;\nmso-bidi-theme-font:minor-bidi;mso-ansi-language:ES-CO;mso-fareast-language:\nEN-US;mso-bidi-language:AR-SA\"><a href=\"https:\/\/es.wikipedia.org\/wiki\/Instituto_de_vida_consagrada\" title=\"Instituto de vida consagrada\"><span style=\"font-size:12.0pt;line-height:\n107%;font-family:&quot;Arial&quot;,&quot;sans-serif&quot;\">instituto de vida consagrada<\/span><\/a><\/span><span style=\"font-size:12.0pt;line-height:107%;font-family:&quot;Arial&quot;,&quot;sans-serif&quot;;\nmso-fareast-font-family:Calibri;mso-fareast-theme-font:minor-latin;mso-ansi-language:\nES-CO;mso-fareast-language:EN-US;mso-bidi-language:AR-SA\">, una comunidad\nreligiosa masculina de&nbsp;<\/span><span style=\"font-size:11.0pt;line-height:\n107%;font-family:&quot;Calibri&quot;,&quot;sans-serif&quot;;mso-ascii-theme-font:minor-latin;\nmso-fareast-font-family:Calibri;mso-fareast-theme-font:minor-latin;mso-hansi-theme-font:\nminor-latin;mso-bidi-font-family:&quot;Times New Roman&quot;;mso-bidi-theme-font:minor-bidi;\nmso-ansi-language:ES-CO;mso-fareast-language:EN-US;mso-bidi-language:AR-SA\"><a href=\"https:\/\/es.wikipedia.org\/wiki\/Derecho_pontificio\" title=\"Derecho pontificio\"><span style=\"font-size:12.0pt;line-height:107%;\nfont-family:&quot;Arial&quot;,&quot;sans-serif&quot;\">derecho pontificio<\/span><\/a><\/span><span style=\"font-size:12.0pt;line-height:107%;font-family:&quot;Arial&quot;,&quot;sans-serif&quot;;\nmso-fareast-font-family:Calibri;mso-fareast-theme-font:minor-latin;mso-ansi-language:\nES-CO;mso-fareast-language:EN-US;mso-bidi-language:AR-SA\">&nbsp;y exenta,\nfundada el&nbsp;<\/span><span style=\"font-size:11.0pt;line-height:107%;\nfont-family:&quot;Calibri&quot;,&quot;sans-serif&quot;;mso-ascii-theme-font:minor-latin;mso-fareast-font-family:\nCalibri;mso-fareast-theme-font:minor-latin;mso-hansi-theme-font:minor-latin;\nmso-bidi-font-family:&quot;Times New Roman&quot;;mso-bidi-theme-font:minor-bidi;\nmso-ansi-language:ES-CO;mso-fareast-language:EN-US;mso-bidi-language:AR-SA\"><a href=\"https:\/\/es.wikipedia.org\/wiki\/9_de_noviembre\" title=\"9 de noviembre\"><span style=\"font-size:12.0pt;line-height:107%;font-family:&quot;Arial&quot;,&quot;sans-serif&quot;\">9 de\nnoviembre<\/span><\/a><\/span><span style=\"font-size:12.0pt;line-height:107%;\nfont-family:&quot;Arial&quot;,&quot;sans-serif&quot;;mso-fareast-font-family:Calibri;mso-fareast-theme-font:\nminor-latin;mso-ansi-language:ES-CO;mso-fareast-language:EN-US;mso-bidi-language:\nAR-SA\">&nbsp;de&nbsp;<\/span><span style=\"font-size:11.0pt;line-height:107%;\nfont-family:&quot;Calibri&quot;,&quot;sans-serif&quot;;mso-ascii-theme-font:minor-latin;mso-fareast-font-family:\nCalibri;mso-fareast-theme-font:minor-latin;mso-hansi-theme-font:minor-latin;\nmso-bidi-font-family:&quot;Times New Roman&quot;;mso-bidi-theme-font:minor-bidi;\nmso-ansi-language:ES-CO;mso-fareast-language:EN-US;mso-bidi-language:AR-SA\"><a href=\"https:\/\/es.wikipedia.org\/wiki\/1732\" title=\"1732\"><span style=\"font-size:\n12.0pt;line-height:107%;font-family:&quot;Arial&quot;,&quot;sans-serif&quot;\">1732<\/span><\/a><\/span><span style=\"font-size:12.0pt;line-height:107%;font-family:&quot;Arial&quot;,&quot;sans-serif&quot;;\nmso-fareast-font-family:Calibri;mso-fareast-theme-font:minor-latin;mso-ansi-language:\nES-CO;mso-fareast-language:EN-US;mso-bidi-language:AR-SA\">&nbsp;por san&nbsp;<\/span><span style=\"font-size:11.0pt;line-height:107%;font-family:&quot;Calibri&quot;,&quot;sans-serif&quot;;\nmso-ascii-theme-font:minor-latin;mso-fareast-font-family:Calibri;mso-fareast-theme-font:\nminor-latin;mso-hansi-theme-font:minor-latin;mso-bidi-font-family:&quot;Times New Roman&quot;;\nmso-bidi-theme-font:minor-bidi;mso-ansi-language:ES-CO;mso-fareast-language:\nEN-US;mso-bidi-language:AR-SA\"><a href=\"https:\/\/es.wikipedia.org\/wiki\/Alfonso_Mar%C3%ADa_de_Ligorio\" title=\"Alfonso Mar\u00eda de Ligorio\"><span style=\"font-size:12.0pt;line-height:\n107%;font-family:&quot;Arial&quot;,&quot;sans-serif&quot;\">Alfonso Mar\u00eda de Ligorio<\/span><\/a><\/span><span style=\"font-size:12.0pt;line-height:107%;font-family:&quot;Arial&quot;,&quot;sans-serif&quot;;\nmso-fareast-font-family:Calibri;mso-fareast-theme-font:minor-latin;mso-ansi-language:\nES-CO;mso-fareast-language:EN-US;mso-bidi-language:AR-SA\">&nbsp;en&nbsp;<a href=\"https:\/\/es.wikipedia.org\/wiki\/Scala_(Salerno)\" title=\"Scala (Salerno)\">Scala<\/a>,\ncerca de&nbsp;<\/span><span style=\"font-size:11.0pt;line-height:107%;font-family:\n&quot;Calibri&quot;,&quot;sans-serif&quot;;mso-ascii-theme-font:minor-latin;mso-fareast-font-family:\nCalibri;mso-fareast-theme-font:minor-latin;mso-hansi-theme-font:minor-latin;\nmso-bidi-font-family:&quot;Times New Roman&quot;;mso-bidi-theme-font:minor-bidi;\nmso-ansi-language:ES-CO;mso-fareast-language:EN-US;mso-bidi-language:AR-SA\"><a href=\"https:\/\/es.wikipedia.org\/wiki\/N%C3%A1poles\" title=\"N\u00e1poles\"><span style=\"font-size:12.0pt;line-height:107%;font-family:&quot;Arial&quot;,&quot;sans-serif&quot;\">N\u00e1poles<\/span><\/a><\/span><span style=\"font-size:12.0pt;line-height:107%;font-family:&quot;Arial&quot;,&quot;sans-serif&quot;;\nmso-fareast-font-family:Calibri;mso-fareast-theme-font:minor-latin;mso-ansi-language:\nES-CO;mso-fareast-language:EN-US;mso-bidi-language:AR-SA\">&nbsp;(<\/span><span style=\"font-size:11.0pt;line-height:107%;font-family:&quot;Calibri&quot;,&quot;sans-serif&quot;;\nmso-ascii-theme-font:minor-latin;mso-fareast-font-family:Calibri;mso-fareast-theme-font:\nminor-latin;mso-hansi-theme-font:minor-latin;mso-bidi-font-family:&quot;Times New Roman&quot;;\nmso-bidi-theme-font:minor-bidi;mso-ansi-language:ES-CO;mso-fareast-language:\nEN-US;mso-bidi-language:AR-SA\"><a href=\"https:\/\/es.wikipedia.org\/wiki\/Italia\" title=\"Italia\"><span style=\"font-size:12.0pt;line-height:107%;font-family:&quot;Arial&quot;,&quot;sans-serif&quot;\">Italia<\/span><\/a><\/span><span style=\"font-size:12.0pt;line-height:107%;font-family:&quot;Arial&quot;,&quot;sans-serif&quot;;\nmso-fareast-font-family:Calibri;mso-fareast-theme-font:minor-latin;mso-ansi-language:\nES-CO;mso-fareast-language:EN-US;mso-bidi-language:AR-SA\">), y aprobada por\nla&nbsp;<\/span><span style=\"font-size:11.0pt;line-height:107%;font-family:&quot;Calibri&quot;,&quot;sans-serif&quot;;\nmso-ascii-theme-font:minor-latin;mso-fareast-font-family:Calibri;mso-fareast-theme-font:\nminor-latin;mso-hansi-theme-font:minor-latin;mso-bidi-font-family:&quot;Times New Roman&quot;;\nmso-bidi-theme-font:minor-bidi;mso-ansi-language:ES-CO;mso-fareast-language:\nEN-US;mso-bidi-language:AR-SA\"><a href=\"https:\/\/es.wikipedia.org\/wiki\/Santa_Sede\" title=\"Santa Sede\"><span style=\"font-size:12.0pt;line-height:107%;font-family:&quot;Arial&quot;,&quot;sans-serif&quot;\">Santa\nSede<\/span><\/a><\/span><span style=\"font-size:12.0pt;line-height:107%;\nfont-family:&quot;Arial&quot;,&quot;sans-serif&quot;;mso-fareast-font-family:Calibri;mso-fareast-theme-font:\nminor-latin;mso-ansi-language:ES-CO;mso-fareast-language:EN-US;mso-bidi-language:\nAR-SA\">&nbsp;en&nbsp;<\/span><span style=\"font-size:11.0pt;line-height:107%;\nfont-family:&quot;Calibri&quot;,&quot;sans-serif&quot;;mso-ascii-theme-font:minor-latin;mso-fareast-font-family:\nCalibri;mso-fareast-theme-font:minor-latin;mso-hansi-theme-font:minor-latin;\nmso-bidi-font-family:&quot;Times New Roman&quot;;mso-bidi-theme-font:minor-bidi;\nmso-ansi-language:ES-CO;mso-fareast-language:EN-US;mso-bidi-language:AR-SA\"><a href=\"https:\/\/es.wikipedia.org\/wiki\/1749\" title=\"1749\"><span style=\"font-size:\n12.0pt;line-height:107%;font-family:&quot;Arial&quot;,&quot;sans-serif&quot;\">1749<\/span><\/a><\/span><span style=\"font-size:12.0pt;line-height:107%;font-family:&quot;Arial&quot;,&quot;sans-serif&quot;;\nmso-fareast-font-family:Calibri;mso-fareast-theme-font:minor-latin;mso-ansi-language:\nES-CO;mso-fareast-language:EN-US;mso-bidi-language:AR-SA\">.<\/span><\/p>\n\n\nnuestra vision\n\n<p style=\"font-family:roboto;font-size:16px;color:#888;font-weight:500;text-align:center;line-height:1.5\">La visi\u00f3n se centra en seguir a Jesucristo Salvador, predicando la palabra de Dios a los pobres y abandonados, con un carisma enfocado en la misi\u00f3n itinerante, la redenci\u00f3n abundante, la justicia y la dignidad humana.. <\/p>\n\n\n\nqu\u00e9 hacemos\n\n<p style=\"font-family:roboto;font-size:16px;color:#888;font-weight:500;text-align:center;line-height:1.5\">Queremos mostrar al mundo el rostro misericordioso de Dios y provocar atracci\u00f3n por Jesucristo; queremos ser una voz de esperanza a quienes quieren vivir el Evangelio en cada uno de los lugares en los que se encuentran. <\/p>\n\n\n\nnuestra comunidad\n\n<p style=\"font-family:roboto;font-size:16px;color:#888;font-weight:500;text-align:center;line-height:1.5\">Es una entidad sin \u00e1nimo de lucro de tipo religioso, fue fundada por los Padres Misioneros Redentoristas, quienes llegaron a la ciudad de Bucaramanga en el a\u00f1o 1942 procedente del Socorro (Santander) <\/p>\n\n\n\n\n\n\n\n\n\n\n","protected":false},"excerpt":{"rendered":"","protected":false},"author":1,"featured_media":0,"parent":0,"menu_order":0,"comment_status":"closed","ping_status":"closed","template":"","meta":{"pagelayer_contact_templates":[],"_pagelayer_content":"","footnotes":""},"class_list":["post-17","page","type-page","status-publish","hentry"],"_links":{"self":[{"href":"https:\/\/pperpetuosocorrobga.org\/public\/wp-json\/wp\/v2\/pages\/17","targetHints":{"allow":["GET"]}}],"collection":[{"href":"https:\/\/pperpetuosocorrobga.org\/public\/wp-json\/wp\/v2\/pages"}],"about":[{"href":"https:\/\/pperpetuosocorrobga.org\/public\/wp-json\/wp\/v2\/types\/page"}],"author":[{"embeddable":true,"href":"https:\/\/pperpetuosocorrobga.org\/public\/wp-json\/wp\/v2\/users\/1"}],"replies":[{"embeddable":true,"href":"https:\/\/pperpetuosocorrobga.org\/public\/wp-json\/wp\/v2\/comments?post=17"}],"version-history":[{"count":15,"href":"https:\/\/pperpetuosocorrobga.org\/public\/wp-json\/wp\/v2\/pages\/17\/revisions"}],"predecessor-version":[{"id":161,"href":"https:\/\/pperpetuosocorrobga.org\/public\/wp-json\/wp\/v2\/pages\/17\/revisions\/161"}],"wp:attachment":[{"href":"https:\/\/pperpetuosocorrobga.org\/public\/wp-json\/wp\/v2\/media?parent=17"}],"curies":[{"name":"wp","href":"https:\/\/api.w.org\/{rel}","templated":true}]}}