{"id":16,"date":"2026-02-28T02:33:08","date_gmt":"2026-02-28T02:33:08","guid":{"rendered":"https:\/\/pperpetuosocorrobga.org\/public\/about\/"},"modified":"2026-03-27T01:54:36","modified_gmt":"2026-03-27T01:54:36","slug":"about","status":"publish","type":"page","link":"https:\/\/pperpetuosocorrobga.org\/public\/about\/","title":{"rendered":"Quienes Somos"},"content":{"rendered":"\n\n\n<span style=\"color:#ffffff;\">QUIENES SOMOS<\/span>\n\n\n\n\nBIENVENIDOS A NUESTRA parroquia\n<p style=\"font-family:roboto;font-size:15px;color:#5d5d5d;font-weight:500;text-align:center;line-height:1.5\">Desde esta p\u00e1gina web de la \u201cParroquia Nuestra Se\u00f1ora del Perpetuo Socorro\u201d de Bucaramanga y como Iglesia, queremos mostrar al mundo el rostro misericordioso de Dios y provocar atracci\u00f3n por Jesucristo; queremos ser una voz de esperanza a quienes quieren vivir el Evangelio en cada uno de los lugares en los que se encuentran; pues como cristianos estamos llamados a \u201cayudar a las personas de hoy a descubrir el rostro de Cristo\u201d, ya que estamos convencidos que la Internet llega a donde nada ni nadie puede llegar: la intimidad del hogar y de los corazones, para que reciban el mensaje del Evangelio.<\/p>\n\n\nNUESTRA vision\n\n<p style=\"font-family:roboto;font-size:16px;color:#888;font-weight:500;text-align:center;line-height:1.5\">La visi\u00f3n se centra en seguir a Jesucristo Salvador, predicando la palabra de Dios a los pobres y abandonados, con un carisma enfocado en la misi\u00f3n itinerante, la redenci\u00f3n abundante (Copiosa Apud Eum Redemptio), la justicia y la dignidad humana. <\/p>\n\n\n\nQUE HACEMOS\n\n<p style=\"font-family:roboto;font-size:16px;color:#888;font-weight:500;text-align:center;line-height:1.5\">Queremos mostrar al mundo el rostro misericordioso de Dios y provocar atracci\u00f3n por Jesucristo; queremos ser una voz de esperanza a quienes quieren vivir el Evangelio en cada uno de los lugares en los que se encuentran. <\/p>\n\n\n\nNUESTRA COMUNIDAD\n\n<p style=\"font-family:roboto;font-size:16px;color:#888;font-weight:500;text-align:center;line-height:1.5\">Es una entidad sin \u00e1nimo de lucro de tipo religioso, fue fundada por los Padres Misioneros Redentoristas, quienes llegaron a la ciudad de Bucaramanga en el a\u00f1o 1942 procedente del Socorro (Santander).<\/p>\n\n\n\n\n\n\n\n<span style=\"color:#000000;\">ayudanos a compartir nuestro<\/span>\n<span style=\"color:#000000;\">mensaje de amor y fe<\/span>\n<p style=\"font-family: roboto; font-size: 15px; font-weight: 300; text-align: center; line-height: 1.5;\"><font color=\"#000000\">Campa\u00f1as permanentes de recolecci\u00f3n de ayudas para los m\u00e1s necesitados<\/font><\/p>\n\n\n\n\n\nTE ESTAMOS ESPERANDO\n<p style=\"font-family:roboto;font-size:15px;color:#5d5d5d;font-weight:500;text-align:center;line-height:1.5\"><span style=\"font-family: Arial, &quot;sans-serif&quot;; font-size: 12pt;);\">La Virgen del Perpetuo Socorro ofrece amor, protecci\u00f3n y consuelo incondicional a quienes acuden a ella, actuando como refugio en momentos dif\u00edciles y gu\u00eda hacia Jes\u00fas. Se le invoca para obtener fortaleza en tentaciones, paz, esperanza y ayuda constante.<\/span><\/p>\n\n\n<p style=\"font-family:roboto;font-size:15px;color:#5d5d5d;font-weight:400;line-height:1.8\">M\u00e1s de 80 a\u00f1os compartiendo el mensaje de Cristo.<\/p>\n\n\n<p style=\"font-family:roboto;font-size:15px;color:#5d5d5d;font-weight:400;line-height:1.8\">Servicios Eucar\u00edsticos en diferentes horarios del d\u00eda.<\/p>\n\n\n<p style=\"font-family:roboto;font-size:15px;color:#5d5d5d;font-weight:400;line-height:1.8\">Conformados por personas de la comunidad con \u00e1nimo y amor por el servicio a los dem\u00e1s.<\/p>\n\n\n\n\n<p style=\"font-family:roboto;font-size:15px;color:#5d5d5d;font-weight:400;line-height:1.8\">Que buscan contribuir en aliviar un poco las preocupaciones de los m\u00e1s necesitados<\/p>\n\n\n<p style=\"font-family:roboto;font-size:15px;color:#5d5d5d;font-weight:400;line-height:1.8\">Para compartir con alegr\u00eda el mensaje liberador del evangelio de Cristo Redentor.<\/p>\n\n\n<p style=\"font-family:roboto;font-size:15px;color:#5d5d5d;font-weight:400;line-height:1.8\">Para llevar la buena nueva a las comunidades apartadas.<\/p>\n\n\n\n\n","protected":false},"excerpt":{"rendered":"","protected":false},"author":1,"featured_media":0,"parent":0,"menu_order":0,"comment_status":"closed","ping_status":"closed","template":"","meta":{"pagelayer_contact_templates":[],"_pagelayer_content":"","footnotes":""},"class_list":["post-16","page","type-page","status-publish","hentry"],"_links":{"self":[{"href":"https:\/\/pperpetuosocorrobga.org\/public\/wp-json\/wp\/v2\/pages\/16","targetHints":{"allow":["GET"]}}],"collection":[{"href":"https:\/\/pperpetuosocorrobga.org\/public\/wp-json\/wp\/v2\/pages"}],"about":[{"href":"https:\/\/pperpetuosocorrobga.org\/public\/wp-json\/wp\/v2\/types\/page"}],"author":[{"embeddable":true,"href":"https:\/\/pperpetuosocorrobga.org\/public\/wp-json\/wp\/v2\/users\/1"}],"replies":[{"embeddable":true,"href":"https:\/\/pperpetuosocorrobga.org\/public\/wp-json\/wp\/v2\/comments?post=16"}],"version-history":[{"count":16,"href":"https:\/\/pperpetuosocorrobga.org\/public\/wp-json\/wp\/v2\/pages\/16\/revisions"}],"predecessor-version":[{"id":185,"href":"https:\/\/pperpetuosocorrobga.org\/public\/wp-json\/wp\/v2\/pages\/16\/revisions\/185"}],"wp:attachment":[{"href":"https:\/\/pperpetuosocorrobga.org\/public\/wp-json\/wp\/v2\/media?parent=16"}],"curies":[{"name":"wp","href":"https:\/\/api.w.org\/{rel}","templated":true}]}}